{"id":12,"date":"2025-08-25T12:23:53","date_gmt":"2025-08-25T17:23:53","guid":{"rendered":"https:\/\/www.josealfredoburgos.com\/mamoplastias\/?page_id=12"},"modified":"2026-02-23T18:17:18","modified_gmt":"2026-02-23T23:17:18","slug":"inicio","status":"publish","type":"page","link":"https:\/\/www.josealfredoburgos.com\/mamoplastias\/","title":{"rendered":"Inicio"},"content":{"rendered":"<div class=\"wpb-content-wrapper\"><p>[vc_row full_width=&#8221;stretch_row_content_no_spaces&#8221; css=&#8221;.vc_custom_1756162889518{margin-top: -20px !important;}&#8221; conditional_render=&#8221;%5B%7B%22value_role%22%3A%22administrator%22%7D%5D&#8221;][vc_column][rev_slider_vc alias=&#8221;inicio&#8221;][\/vc_column][\/vc_row][vc_row content_placement=&#8221;middle&#8221; el_id=&#8221;somos&#8221; css=&#8221;.vc_custom_1756226494348{padding-top: 50px !important;}&#8221; conditional_render=&#8221;%5B%7B%22value_role%22%3A%22administrator%22%7D%5D&#8221; animation_type=&#8221;bounceIn&#8221;][vc_column width=&#8221;1\/2&#8243;][vc_column_text]<\/p>\n<p style=\"text-align: left; font-size: 28pt; font-weight: 800; color: #00265b;\">Cirug\u00eda Mamaria Medell\u00edn<\/p>\n<p style=\"text-align: left; font-size: 15pt; font-weight: 600; color: #00265b;\">Dr. Jos\u00e9 Burgos<\/p>\n<p style=\"text-align: justify; font-size: 12pt; font-weight: 400; color: #000;\">\u00bfBuscas un especialista en cirug\u00eda mamaria en Medell\u00edn? Soy el Dr. Jos\u00e9 Burgos, cirujano pl\u00e1stico certificado, con amplia experiencia en aumento de senos, levantamiento mamario, reconstrucci\u00f3n y procedimientos relacionados. Mi objetivo es brindarte resultados naturales, seguros y personalizados.<\/p>\n<p style=\"text-align: justify; font-size: 12pt; font-weight: 400; color: #000;\">Cada procedimiento se realiza bajo altos est\u00e1ndares de calidad y seguridad, en instalaciones habilitadas y con tecnolog\u00eda avanzada. Si deseas mejorar la forma, volumen o simetr\u00eda de tus senos, est\u00e1s en el lugar indicado.<\/p>\n<p>[\/vc_column_text][vc_column_text css=&#8221;.vc_custom_1756225402840{margin-top: 5% !important;}&#8221;]<\/p>\n<p style=\"text-align: left;\"><a style=\"text-decoration: none;\" href=\"https:\/\/api.whatsapp.com\/send?phone=573006202911&amp;text=%C2%A1Hola!%20quiero%20solicitar%20una%20cita%20con%20el%20Doctor%20Jos%C3%A9%20Burgos\"><span class=\"ver\">Solicitar cita<\/span><\/a><\/p>\n<p>[\/vc_column_text][\/vc_column][vc_column width=&#8221;1\/2&#8243;][vc_single_image image=&#8221;64&#8243; img_size=&#8221;full&#8221; alignment=&#8221;center&#8221;][\/vc_column][\/vc_row][vc_row full_width=&#8221;stretch_row_content_no_spaces&#8221; el_id=&#8221;servicios&#8221; css=&#8221;.vc_custom_1708122059874{margin-top: 3% !important;padding: 6% 7% 6% 7% !important;background-color: #f4f8fc !important;}&#8221;][vc_column][vc_column_text]<\/p>\n<p style=\"font-size: 14pt; font-weight: 600; color: #00265b; text-align: center;\">Especialidades<\/p>\n<p style=\"font-size: 28pt; font-weight: 800; color: #00265b; text-align: center;\">Procedimientos<\/p>\n<p>[\/vc_column_text][vc_row_inner animation_type=&#8221;bounceInLeft&#8221;][vc_column_inner width=&#8221;1\/3&#8243;][vc_raw_html]JTNDZGl2JTIwY2xhc3MlM0QlMjJzZXJ2aWNlLWNhcmQlMjIlM0UlMEElMjAlMjAlM0NkaXYlMjBjbGFzcyUzRCUyMmNhcmQtaW1hZ2UlMjIlMjBzdHlsZSUzRCUyMmJhY2tncm91bmQtaW1hZ2UlM0ElMjB1cmwlMjglMjdodHRwcyUzQSUyRiUyRnd3dy5qb3NlYWxmcmVkb2J1cmdvcy5jb20lMkZtYW1vcGxhc3RpYXMlMkZ3cC1jb250ZW50JTJGdXBsb2FkcyUyRjIwMjUlMkYwOCUyRmF1bWVudG8uanBnJTI3JTI5JTNCJTIyJTNFJTNDJTJGZGl2JTNFJTBBJTIwJTIwJTNDZGl2JTIwY2xhc3MlM0QlMjJpY29uLWNvbnRhaW5lciUyMiUzRSUwQSUyMCUyMCUyMCUyMCUzQ2ltZyUyMHNyYyUzRCUyMmh0dHBzJTNBJTJGJTJGd3d3Lmpvc2VhbGZyZWRvYnVyZ29zLmNvbSUyRm1hbW9wbGFzdGlhcyUyRndwLWNvbnRlbnQlMkZ1cGxvYWRzJTJGMjAyNSUyRjA4JTJGaW1wbGFudGUtbWFtYXJpby5wbmclMjIlMjBhbHQlM0QlMjIlMjIlMjB3aWR0aCUzRCUyMjQ3JTIyJTIwaGVpZ2h0JTNEJTIyNDclMjIlMjAlMkYlM0UlMEElMjAlMjAlM0MlMkZkaXYlM0UlMEElMjAlMjAlM0NkaXYlMjBjbGFzcyUzRCUyMmNhcmQtY29udGVudCUyMiUzRSUwQSUyMCUyMCUyMCUyMCUzQ2gzJTIwY2xhc3MlM0QlMjJjYXJkLXRpdGxlJTIyJTNFQXVtZW50byUyME1hbWFyaW8lM0MlMkZoMyUzRSUwQSUyMCUyMCUyMCUyMCUzQ3AlMjBjbGFzcyUzRCUyMmNhcmQtdGV4dCUyMiUzRUVsJTIwYXVtZW50byUyMGRlJTIwc2Vub3MlMjBlcyUyMHVubyUyMGRlJTIwbG9zJTIwcHJvY2VkaW1pZW50b3MlMjBtJUMzJUExcyUyMHNvbGljaXRhZG9zJTIwcGFyYSUyMHJlYWx6YXIlMjBlbCUyMHRhbWElQzMlQjFvJTIweSUyMGxhJTIwZm9ybWElMjBkZWwlMjBidXN0by4lMjBVdGlsaXphbW9zJTIwcHIlQzMlQjN0ZXNpcyUyMGRlJTIwYWx0YSUyMGNhbGlkYWQlMkMlMjBhcHJvYmFkYXMlMjBpbnRlcm5hY2lvbmFsbWVudGUlMkMlMjBjb24lMjByZXN1bHRhZG9zJTIwYXJtJUMzJUIzbmljb3MlMjB5JTIwbmF0dXJhbGVzLiUwQUR1cmFudGUlMjBsYSUyMHZhbG9yYWNpJUMzJUIzbiUyQyUyMGRlZmluaXJlbW9zJTIwZWwlMjB0aXBvJTIwZGUlMjBpbXBsYW50ZSUyQyUyMGVsJTIwdGFtYSVDMyVCMW8lMjBhZGVjdWFkbyUyMHklMjBsYSUyMHQlQzMlQTljbmljYSUyMHF1ZSUyMG1lam9yJTIwc2UlMjBhanVzdGUlMjBhJTIwdHUlMjBhbmF0b20lQzMlQURhJTIweSUyMGV4cGVjdGF0aXZhcy4lM0MlMkZwJTNFJTBBJTIwJTIwJTIwJTIwJTNDYSUyMGhyZWYlM0QlMjJodHRwcyUzQSUyRiUyRmFwaS53aGF0c2FwcC5jb20lMkZzZW5kJTNGcGhvbmUlM0Q1NzMwMDYyMDI5MTElMjZ0ZXh0JTNEJTI1QzIlMjVBMUhvbGElMjElMjUyMHF1aWVybyUyNTIwc29saWNpdGFyJTI1MjB1bmElMjUyMGNpdGElMjUyMGNvbiUyNTIwZWwlMjUyMERvY3RvciUyNTIwSm9zJTI1QzMlMjVBOSUyNTIwQnVyZ29zJTIyJTIwY2xhc3MlM0QlMjJyZWFkLW1vcmUlMjIlM0VDb250JUMzJUExY3Rlbm9zJTNDJTJGYSUzRSUwQSUyMCUyMCUzQyUyRmRpdiUzRSUwQSUzQyUyRmRpdiUzRQ==[\/vc_raw_html][\/vc_column_inner][vc_column_inner width=&#8221;1\/3&#8243;][vc_raw_html]JTNDZGl2JTIwY2xhc3MlM0QlMjJzZXJ2aWNlLWNhcmQlMjIlM0UlMEElMjAlMjAlM0NkaXYlMjBjbGFzcyUzRCUyMmNhcmQtaW1hZ2UlMjIlMjBzdHlsZSUzRCUyMmJhY2tncm91bmQtaW1hZ2UlM0ElMjB1cmwlMjglMjdodHRwcyUzQSUyRiUyRnd3dy5qb3NlYWxmcmVkb2J1cmdvcy5jb20lMkZtYW1vcGxhc3RpYXMlMkZ3cC1jb250ZW50JTJGdXBsb2FkcyUyRjIwMjUlMkYwOCUyRmxlYW50YW1pZW50by1taW4tc2NhbGVkLmpwZyUyNyUyOSUzQiUyMiUzRSUzQyUyRmRpdiUzRSUwQSUyMCUyMCUzQ2RpdiUyMGNsYXNzJTNEJTIyaWNvbi1jb250YWluZXIlMjIlM0UlMEElMjAlMjAlMjAlMjAlM0NpbWclMjBzcmMlM0QlMjJodHRwcyUzQSUyRiUyRnd3dy5qb3NlYWxmcmVkb2J1cmdvcy5jb20lMkZtYW1vcGxhc3RpYXMlMkZ3cC1jb250ZW50JTJGdXBsb2FkcyUyRjIwMjUlMkYwOCUyRm1hbWEucG5nJTIyJTIwYWx0JTNEJTIyJTIyJTIwd2lkdGglM0QlMjI0NyUyMiUyMGhlaWdodCUzRCUyMjQ3JTIyJTIwJTJGJTNFJTBBJTIwJTIwJTNDJTJGZGl2JTNFJTBBJTIwJTIwJTNDZGl2JTIwY2xhc3MlM0QlMjJjYXJkLWNvbnRlbnQlMjIlM0UlMEElMjAlMjAlMjAlMjAlM0NoMyUyMGNsYXNzJTNEJTIyY2FyZC10aXRsZSUyMiUzRUxldmFudGFtaWVudG8lMjBkZSUyMFNlbm9zJTNDJTJGaDMlM0UlMEElMjAlMjAlMjAlMjAlM0NwJTIwY2xhc3MlM0QlMjJjYXJkLXRleHQlMjIlM0VDb24lMjBlbCUyMHBhc28lMjBkZWwlMjB0aWVtcG8lMkMlMjBsb3MlMjBzZW5vcyUyMHB1ZWRlbiUyMHBlcmRlciUyMGZpcm1lemElMjB5JTIwZGVzY2VuZGVyLiUyMExhJTIwbWFzdG9wZXhpYSUyMG8lMjBsZXZhbnRhbWllbnRvJTIwbWFtYXJpbyUyMHBlcm1pdGUlMjByZWN1cGVyYXIlMjBsYSUyMHBvc2ljaSVDMyVCM24lMjB5JTIwZWwlMjBjb250b3JubyUyMGRlbCUyMGJ1c3RvJTJDJTIwbG9ncmFuZG8lMjB1bmElMjBhcGFyaWVuY2lhJTIwcmVqdXZlbmVjaWRhLiUyMEVzdGUlMjBwcm9jZWRpbWllbnRvJTIwcHVlZGUlMjByZWFsaXphcnNlJTIwY29uJTIwbyUyMHNpbiUyMHByJUMzJUIzdGVzaXMlMkMlMjBkZXBlbmRpZW5kbyUyMGRlJTIwdHVzJTIwb2JqZXRpdm9zLiUzQyUyRnAlM0UlMEElMjAlMjAlMjAlMjAlM0NhJTIwaHJlZiUzRCUyMmh0dHBzJTNBJTJGJTJGYXBpLndoYXRzYXBwLmNvbSUyRnNlbmQlM0ZwaG9uZSUzRDU3MzAwNjIwMjkxMSUyNnRleHQlM0QlMjVDMiUyNUExSG9sYSUyMSUyNTIwcXVpZXJvJTI1MjBzb2xpY2l0YXIlMjUyMHVuYSUyNTIwY2l0YSUyNTIwY29uJTI1MjBlbCUyNTIwRG9jdG9yJTI1MjBKb3MlMjVDMyUyNUE5JTI1MjBCdXJnb3MlMjIlMjBjbGFzcyUzRCUyMnJlYWQtbW9yZSUyMiUzRUNvbnQlQzMlQTFjdGVub3MlM0MlMkZhJTNFJTBBJTIwJTIwJTNDJTJGZGl2JTNFJTBBJTNDJTJGZGl2JTNF[\/vc_raw_html][\/vc_column_inner][vc_column_inner width=&#8221;1\/3&#8243;][vc_raw_html]JTNDZGl2JTIwY2xhc3MlM0QlMjJzZXJ2aWNlLWNhcmQlMjIlM0UlMEElMjAlMjAlM0NkaXYlMjBjbGFzcyUzRCUyMmNhcmQtaW1hZ2UlMjIlMjBzdHlsZSUzRCUyMmJhY2tncm91bmQtaW1hZ2UlM0ElMjB1cmwlMjglMjdodHRwcyUzQSUyRiUyRnd3dy5qb3NlYWxmcmVkb2J1cmdvcy5jb20lMkZtYW1vcGxhc3RpYXMlMkZ3cC1jb250ZW50JTJGdXBsb2FkcyUyRjIwMjUlMkYwOCUyRnJlY29uc3RydWNjaW9uLW1pbi1zY2FsZWQuanBnJTI3JTI5JTNCJTIyJTNFJTNDJTJGZGl2JTNFJTBBJTIwJTIwJTNDZGl2JTIwY2xhc3MlM0QlMjJpY29uLWNvbnRhaW5lciUyMiUzRSUwQSUyMCUyMCUyMCUyMCUzQ2ltZyUyMHNyYyUzRCUyMmh0dHBzJTNBJTJGJTJGd3d3Lmpvc2VhbGZyZWRvYnVyZ29zLmNvbSUyRm1hbW9wbGFzdGlhcyUyRndwLWNvbnRlbnQlMkZ1cGxvYWRzJTJGMjAyNSUyRjA4JTJGcmVjb25zdHJ1Y2Npb24tbWFtYXJpYS5wbmclMjIlMjBhbHQlM0QlMjIlMjIlMjB3aWR0aCUzRCUyMjQ3JTIyJTIwaGVpZ2h0JTNEJTIyNDclMjIlMjAlMkYlM0UlMEElMjAlMjAlM0MlMkZkaXYlM0UlMEElMjAlMjAlM0NkaXYlMjBjbGFzcyUzRCUyMmNhcmQtY29udGVudCUyMiUzRSUwQSUyMCUyMCUyMCUyMCUzQ2gzJTIwY2xhc3MlM0QlMjJjYXJkLXRpdGxlJTIyJTNFUmVjb25zdHJ1Y2NpJUMzJUIzbiUyME1hbWFyaWElM0MlMkZoMyUzRSUwQSUyMCUyMCUyMCUyMCUzQ3AlMjBjbGFzcyUzRCUyMmNhcmQtdGV4dCUyMiUzRUxhJTIwcmVjb25zdHJ1Y2NpJUMzJUIzbiUyMG1hbWFyaWElMjBlcyUyMHVuJTIwcHJvY2VkaW1pZW50byUyMHF1ZSUyMGJ1c2NhJTIwZGV2b2x2ZXIlMjBsYSUyMGZvcm1hJTIweSUyMHNpbWV0ciVDMyVBRGElMjB0cmFzJTIwdW5hJTIwbWFzdGVjdG9tJUMzJUFEYSUyMG8lMjBsZXNpJUMzJUIzbi4lMjBOdWVzdHJvJTIwZW5mb3F1ZSUyMGNvbWJpbmElMjB0JUMzJUE5Y25pY2ElMjBxdWlyJUMzJUJBcmdpY2ElMjBhdmFuemFkYSUyMGNvbiUyMHNlbnNpYmlsaWRhZCUyMGVzdCVDMyVBOXRpY2ElMkMlMjBicmluZGFuZG8lMjByZXN1bHRhZG9zJTIwbmF0dXJhbGVzJTIweSUyMGZ1bmNpb25hbGVzLiUzQyUyRnAlM0UlMEElMjAlMjAlMjAlMjAlM0NhJTIwaHJlZiUzRCUyMmh0dHBzJTNBJTJGJTJGYXBpLndoYXRzYXBwLmNvbSUyRnNlbmQlM0ZwaG9uZSUzRDU3MzAwNjIwMjkxMSUyNnRleHQlM0QlMjVDMiUyNUExSG9sYSUyMSUyNTIwcXVpZXJvJTI1MjBzb2xpY2l0YXIlMjUyMHVuYSUyNTIwY2l0YSUyNTIwY29uJTI1MjBlbCUyNTIwRG9jdG9yJTI1MjBKb3MlMjVDMyUyNUE5JTI1MjBCdXJnb3MlMjIlMjBjbGFzcyUzRCUyMnJlYWQtbW9yZSUyMiUzRUNvbnQlQzMlQTFjdGVub3MlM0MlMkZhJTNFJTBBJTIwJTIwJTNDJTJGZGl2JTNFJTBBJTNDJTJGZGl2JTNF[\/vc_raw_html][\/vc_column_inner][\/vc_row_inner][vc_row_inner animation_type=&#8221;bounceInRight&#8221;][vc_column_inner width=&#8221;1\/2&#8243;][vc_raw_html]JTNDZGl2JTIwY2xhc3MlM0QlMjJzZXJ2aWNlLWNhcmQlMjIlM0UlMEElMjAlMjAlM0NkaXYlMjBjbGFzcyUzRCUyMmNhcmQtaW1hZ2UlMjIlMjBzdHlsZSUzRCUyMmJhY2tncm91bmQtaW1hZ2UlM0ElMjB1cmwlMjglMjdodHRwcyUzQSUyRiUyRnd3dy5qb3NlYWxmcmVkb2J1cmdvcy5jb20lMkZtYW1vcGxhc3RpYXMlMkZ3cC1jb250ZW50JTJGdXBsb2FkcyUyRjIwMjUlMkYwOCUyRmNhbWJpby5qcGclMjclMjklM0IlMjIlM0UlM0MlMkZkaXYlM0UlMEElMjAlMjAlM0NkaXYlMjBjbGFzcyUzRCUyMmljb24tY29udGFpbmVyJTIyJTNFJTBBJTIwJTIwJTIwJTIwJTNDaW1nJTIwc3JjJTNEJTIyaHR0cHMlM0ElMkYlMkZ3d3cuam9zZWFsZnJlZG9idXJnb3MuY29tJTJGbWFtb3BsYXN0aWFzJTJGd3AtY29udGVudCUyRnVwbG9hZHMlMkYyMDI1JTJGMDglMkZpbXBsYW50ZS1tYW1hcmlvLTIucG5nJTIyJTIwYWx0JTNEJTIyJTIyJTIwd2lkdGglM0QlMjI0NyUyMiUyMGhlaWdodCUzRCUyMjQ3JTIyJTIwJTJGJTNFJTBBJTIwJTIwJTNDJTJGZGl2JTNFJTBBJTIwJTIwJTNDZGl2JTIwY2xhc3MlM0QlMjJjYXJkLWNvbnRlbnQlMjIlM0UlMEElMjAlMjAlMjAlMjAlM0NoMyUyMGNsYXNzJTNEJTIyY2FyZC10aXRsZSUyMiUzRUNhbWJpbyUyMGRlJTIwUHJvdGVzaXMlM0MlMkZoMyUzRSUwQSUyMCUyMCUyMCUyMCUzQ3AlMjBjbGFzcyUzRCUyMmNhcmQtdGV4dCUyMiUzRVNpJTIwdGllbmVzJTIwaW1wbGFudGVzJTIweSUyMGRlc2VhcyUyMHJlZW1wbGF6YXJsb3MlMjBwb3IlMjBtb3Rpdm9zJTIwZXN0JUMzJUE5dGljb3MlMkMlMjBkZXNnYXN0ZSUyMG8lMjBwcmVmZXJlbmNpYSUyMHBlcnNvbmFsJTJDJTIwcmVhbGl6YW1vcyUyMGVsJTIwY2FtYmlvJTIwZGUlMjBwciVDMyVCM3Rlc2lzJTIwZGUlMjBmb3JtYSUyMHNlZ3VyYS4lMjBVdGlsaXphbW9zJTIwdCVDMyVBOWNuaWNhcyUyMG1vZGVybmFzJTIwcXVlJTIwY3VpZGFuJTIwbGElMjBpbnRlZ3JpZGFkJTIwZGVsJTIwdGVqaWRvJTIwbWFtYXJpby4lM0MlMkZwJTNFJTBBJTIwJTIwJTIwJTIwJTNDYSUyMGhyZWYlM0QlMjJodHRwcyUzQSUyRiUyRmFwaS53aGF0c2FwcC5jb20lMkZzZW5kJTNGcGhvbmUlM0Q1NzMwMDYyMDI5MTElMjZ0ZXh0JTNEJTI1QzIlMjVBMUhvbGElMjElMjUyMHF1aWVybyUyNTIwc29saWNpdGFyJTI1MjB1bmElMjUyMGNpdGElMjUyMGNvbiUyNTIwZWwlMjUyMERvY3RvciUyNTIwSm9zJTI1QzMlMjVBOSUyNTIwQnVyZ29zJTIyJTIwY2xhc3MlM0QlMjJyZWFkLW1vcmUlMjIlM0VDb250JUMzJUExY3Rlbm9zJTNDJTJGYSUzRSUwQSUyMCUyMCUzQyUyRmRpdiUzRSUwQSUzQyUyRmRpdiUzRQ==[\/vc_raw_html][\/vc_column_inner][vc_column_inner width=&#8221;1\/2&#8243;][vc_raw_html]JTNDZGl2JTIwY2xhc3MlM0QlMjJzZXJ2aWNlLWNhcmQlMjIlM0UlMEElMjAlMjAlM0NkaXYlMjBjbGFzcyUzRCUyMmNhcmQtaW1hZ2UlMjIlMjBzdHlsZSUzRCUyMmJhY2tncm91bmQtaW1hZ2UlM0ElMjB1cmwlMjglMjdodHRwcyUzQSUyRiUyRnd3dy5qb3NlYWxmcmVkb2J1cmdvcy5jb20lMkZtYW1vcGxhc3RpYXMlMkZ3cC1jb250ZW50JTJGdXBsb2FkcyUyRjIwMjUlMkYwOCUyRmV4cGxhbnRhY2lvbi1zY2FsZWQuanBnJTI3JTI5JTNCJTIyJTNFJTNDJTJGZGl2JTNFJTBBJTIwJTIwJTNDZGl2JTIwY2xhc3MlM0QlMjJpY29uLWNvbnRhaW5lciUyMiUzRSUwQSUyMCUyMCUyMCUyMCUzQ2ltZyUyMHNyYyUzRCUyMmh0dHBzJTNBJTJGJTJGd3d3Lmpvc2VhbGZyZWRvYnVyZ29zLmNvbSUyRm1hbW9wbGFzdGlhcyUyRndwLWNvbnRlbnQlMkZ1cGxvYWRzJTJGMjAyNSUyRjA4JTJGaW1wbGFudGUtbWFtYXJpby0xLnBuZyUyMiUyMGFsdCUzRCUyMiUyMiUyMHdpZHRoJTNEJTIyNDclMjIlMjBoZWlnaHQlM0QlMjI0NyUyMiUyMCUyRiUzRSUwQSUyMCUyMCUzQyUyRmRpdiUzRSUwQSUyMCUyMCUzQ2RpdiUyMGNsYXNzJTNEJTIyY2FyZC1jb250ZW50JTIyJTNFJTBBJTIwJTIwJTIwJTIwJTNDaDMlMjBjbGFzcyUzRCUyMmNhcmQtdGl0bGUlMjIlM0VFeHBsYW50YWNpJUMzJUIzbiUyMGRlJTIwUHJvdGVzaXMlM0MlMkZoMyUzRSUwQSUyMCUyMCUyMCUyMCUzQ3AlMjBjbGFzcyUzRCUyMmNhcmQtdGV4dCUyMiUzRUN1YW5kbyUyMGRlY2lkZXMlMjByZXRpcmFyJTIwdHVzJTIwaW1wbGFudGVzJTIwbWFtYXJpb3MlMkMlMjBvZnJlY2Vtb3MlMjB1biUyMHByb2NlZGltaWVudG8lMjBzZWd1cm8lMjB5JTIwYWNvbXBhJUMzJUIxYWRvJTIwcG9yJTIwdW4lMjBwbGFuJTIwZGUlMjByZW1vZGVsYWNpJUMzJUIzbiUyMHBhcmElMjBtYW50ZW5lciUyMHVuYSUyMGZvcm1hJTIwbmF0dXJhbC4lM0MlMkZwJTNFJTBBJTIwJTIwJTIwJTIwJTNDYSUyMGhyZWYlM0QlMjJodHRwcyUzQSUyRiUyRmFwaS53aGF0c2FwcC5jb20lMkZzZW5kJTNGcGhvbmUlM0Q1NzMwMDYyMDI5MTElMjZ0ZXh0JTNEJTI1QzIlMjVBMUhvbGElMjElMjUyMHF1aWVybyUyNTIwc29saWNpdGFyJTI1MjB1bmElMjUyMGNpdGElMjUyMGNvbiUyNTIwZWwlMjUyMERvY3RvciUyNTIwSm9zJTI1QzMlMjVBOSUyNTIwQnVyZ29zJTIyJTIwY2xhc3MlM0QlMjJyZWFkLW1vcmUlMjIlM0VDb250JUMzJUExY3Rlbm9zJTNDJTJGYSUzRSUwQSUyMCUyMCUzQyUyRmRpdiUzRSUwQSUzQyUyRmRpdiUzRQ==[\/vc_raw_html][\/vc_column_inner][\/vc_row_inner][vc_column_text css=&#8221;.vc_custom_1756225393618{margin-top: 5% !important;}&#8221;]<\/p>\n<p style=\"text-align: center;\"><a style=\"text-decoration: none;\" href=\"https:\/\/api.whatsapp.com\/send?phone=573006202911&amp;text=%C2%A1Hola!%20quiero%20solicitar%20una%20cita%20con%20el%20Doctor%20Jos%C3%A9%20Burgos\"><span class=\"ver\">Solicitar cita<\/span><\/a><\/p>\n<p>[\/vc_column_text][\/vc_column][\/vc_row][vc_row css=&#8221;.vc_custom_1756226444747{padding-top: 50px !important;}&#8221; conditional_render=&#8221;%5B%7B%22value_role%22%3A%22administrator%22%7D%5D&#8221; animation_type=&#8221;bounceIn&#8221;][vc_column][vc_media_grid element_width=&#8221;3&#8243; grid_id=&#8221;vc_gid:1771888468426-988c0866-d46b-9&#8243; include=&#8221;59,60,61,62,104,105,109,106,108,107,103&#8243;][\/vc_column][\/vc_row][vc_row el_id=&#8221;preguntas&#8221; css=&#8221;.vc_custom_1756226477973{margin-top: 4% !important;}&#8221; animation_type=&#8221;bounceInLeft&#8221; conditional_render=&#8221;%5B%7B%22value_role%22%3A%22administrator%22%7D%5D&#8221;][vc_column][vc_column_text css=&#8221;.vc_custom_1756225861215{padding-bottom: 30px !important;}&#8221;]<\/p>\n<p style=\"font-size: 14pt; font-weight: 600; color: #00265b; text-align: center;\">Cirug\u00edas Mamarias<\/p>\n<p style=\"font-size: 28pt; font-weight: 800; color: #00265b; text-align: center;\">Preguntas Frecuentes<\/p>\n<p>[\/vc_column_text]<style>.toggles1261187496 .toggle label { border-left-color: #01143e; border-right-color: #01143e; color: #01143e }.toggles1261187496 .toggle.active > label { background-color: #01143e; border-color: #01143e; color: #ffffff }.toggles1261187496 .toggle > label:after { background-color: #01143e }<\/style><div class=\"porto-toggles wpb_content_element  toggles1261187496\">[vc_toggle title=&#8221;\u00bfQu\u00e9 es el aumento mamario?&#8221;]<span data-olk-copy-source=\"MessageBody\">El aumento mamario es un procedimiento quir\u00fargico que mejora el tama\u00f1o y la forma de los senos mediante implantes. Se realiza con materiales seguros y t\u00e9cnicas personalizadas para lograr resultados naturales.<\/span>[\/vc_toggle][vc_toggle title=&#8221;\u00bfCu\u00e1l es el precio del aumento de senos en Medell\u00edn?&#8221;]<span data-olk-copy-source=\"MessageBody\">El costo var\u00eda seg\u00fan el tipo de pr\u00f3tesis, la t\u00e9cnica y la valoraci\u00f3n individual. Cada paciente tiene necesidades diferentes, por eso se recomienda agendar una consulta para recibir un presupuesto personalizado.<\/span>[\/vc_toggle][vc_toggle title=&#8221;\u00bfQu\u00e9 tipos de implantes se utilizan para aumento mamario?&#8221;]<span data-olk-copy-source=\"MessageBody\">Trabajamos con pr\u00f3tesis mamarias de alta calidad, aprobadas por organismos internacionales. Existen diferentes formas y texturas, que se seleccionan seg\u00fan la anatom\u00eda y objetivos de la paciente.<\/span>[\/vc_toggle][vc_toggle title=&#8221;\u00bfQu\u00e9 es una mastopexia o levantamiento de senos?&#8221;]<span data-olk-copy-source=\"MessageBody\">La mastopexia es una cirug\u00eda que eleva los senos cuando han perdido firmeza, devolviendo una apariencia est\u00e9tica y natural. Puede combinarse con implantes si se busca tambi\u00e9n aumentar el volumen.<\/span>[\/vc_toggle][vc_toggle title=&#8221;\u00bfCu\u00e1ndo se recomienda cambiar las pr\u00f3tesis mamarias?&#8221;]<span data-olk-copy-source=\"MessageBody\">El cambio de implantes puede ser necesario por desgaste, preferencia est\u00e9tica o indicaci\u00f3n m\u00e9dica. Es importante revisarlos peri\u00f3dicamente para garantizar tu seguridad.<\/span>[\/vc_toggle][vc_toggle title=&#8221;\u00bfEn qu\u00e9 consiste la explantaci\u00f3n de pr\u00f3tesis?&#8221;]<span data-olk-copy-source=\"MessageBody\">La explantaci\u00f3n es la extracci\u00f3n de los implantes mamarios, ya sea por decisi\u00f3n personal o por recomendaci\u00f3n m\u00e9dica. Este procedimiento puede combinarse con t\u00e9cnicas para mantener una buena forma.<\/span>[\/vc_toggle][vc_toggle title=&#8221;\u00bfQu\u00e9 es la reconstrucci\u00f3n mamaria y qui\u00e9nes la necesitan?&#8221;]<span data-olk-copy-source=\"MessageBody\">Es una cirug\u00eda para restaurar el volumen y la forma del seno despu\u00e9s de una mastectom\u00eda o traumatismo. Se adapta a cada caso para ofrecer resultados est\u00e9ticos y funcionales.<\/span>[\/vc_toggle][vc_toggle title=&#8221;\u00bfCu\u00e1nto dura la recuperaci\u00f3n despu\u00e9s del aumento mamario?&#8221;]<span data-olk-copy-source=\"MessageBody\">La recuperaci\u00f3n inicial suele ser de 7 a 10 d\u00edas para actividades b\u00e1sicas, aunque la reincorporaci\u00f3n completa puede tardar varias semanas. Todo depende de la evoluci\u00f3n individual.<\/span>[\/vc_toggle][vc_toggle title=&#8221;\u00bfCu\u00e1les son los riesgos de la cirug\u00eda mamaria?&#8221;]<span data-olk-copy-source=\"MessageBody\">Como toda cirug\u00eda, existen riesgos, pero se minimizan al trabajar con un cirujano certificado y en centros habilitados. Durante la valoraci\u00f3n se explican los cuidados y medidas preventivas.<\/span>[\/vc_toggle][vc_toggle title=&#8221;\u00bfC\u00f3mo agendo una cita con el Dr. Jos\u00e9 Burgos en Medell\u00edn?&#8221;]<span data-olk-copy-source=\"MessageBody\">Es muy f\u00e1cil: puedes agendar tu valoraci\u00f3n a trav\u00e9s de WhatsApp, llamada directa o formulario de contacto en esta p\u00e1gina.<\/span>[\/vc_toggle]<\/div>[\/vc_column][\/vc_row]<\/p>\n<\/div>","protected":false},"excerpt":{"rendered":"<p>[vc_row full_width=&#8221;stretch_row_content_no_spaces&#8221; css=&#8221;.vc_custom_1756162889518{margin-top: -20px !important;}&#8221; conditional_render=&#8221;%5B%7B%22value_role%22%3A%22administrator%22%7D%5D&#8221;][vc_column][rev_slider_vc alias=&#8221;inicio&#8221;][\/vc_column][\/vc_row][vc_row content_placement=&#8221;middle&#8221; el_id=&#8221;somos&#8221; css=&#8221;.vc_custom_1756226494348{padding-top: 50px !important;}&#8221; conditional_render=&#8221;%5B%7B%22value_role%22%3A%22administrator%22%7D%5D&#8221; animation_type=&#8221;bounceIn&#8221;][vc_column width=&#8221;1\/2&#8243;][vc_column_text] Cirug\u00eda Mamaria Medell\u00edn Dr. Jos\u00e9 Burgos \u00bfBuscas un especialista en cirug\u00eda mamaria en Medell\u00edn? Soy el Dr. Jos\u00e9 Burgos, cirujano pl\u00e1stico certificado, con amplia experiencia en aumento de senos, levantamiento mamario, reconstrucci\u00f3n y procedimientos relacionados. Mi objetivo es brindarte resultados [&hellip;]<\/p>\n","protected":false},"author":1,"featured_media":0,"parent":0,"menu_order":0,"comment_status":"closed","ping_status":"closed","template":"","meta":{"footnotes":""},"class_list":["post-12","page","type-page","status-publish","hentry"],"_links":{"self":[{"href":"https:\/\/www.josealfredoburgos.com\/mamoplastias\/wp-json\/wp\/v2\/pages\/12","targetHints":{"allow":["GET"]}}],"collection":[{"href":"https:\/\/www.josealfredoburgos.com\/mamoplastias\/wp-json\/wp\/v2\/pages"}],"about":[{"href":"https:\/\/www.josealfredoburgos.com\/mamoplastias\/wp-json\/wp\/v2\/types\/page"}],"author":[{"embeddable":true,"href":"https:\/\/www.josealfredoburgos.com\/mamoplastias\/wp-json\/wp\/v2\/users\/1"}],"replies":[{"embeddable":true,"href":"https:\/\/www.josealfredoburgos.com\/mamoplastias\/wp-json\/wp\/v2\/comments?post=12"}],"version-history":[{"count":12,"href":"https:\/\/www.josealfredoburgos.com\/mamoplastias\/wp-json\/wp\/v2\/pages\/12\/revisions"}],"predecessor-version":[{"id":110,"href":"https:\/\/www.josealfredoburgos.com\/mamoplastias\/wp-json\/wp\/v2\/pages\/12\/revisions\/110"}],"wp:attachment":[{"href":"https:\/\/www.josealfredoburgos.com\/mamoplastias\/wp-json\/wp\/v2\/media?parent=12"}],"curies":[{"name":"wp","href":"https:\/\/api.w.org\/{rel}","templated":true}]}}